{"id":578,"date":"2025-05-30T03:27:42","date_gmt":"2025-05-30T03:27:42","guid":{"rendered":"https:\/\/es.exploracionesdelsur.com\/?page_id=578"},"modified":"2025-06-04T00:09:51","modified_gmt":"2025-06-04T00:09:51","slug":"politicas","status":"publish","type":"page","link":"https:\/\/es.exploracionesdelsur.com\/en\/politicas\/","title":{"rendered":"POLITICAS"},"content":{"rendered":"<div class=\"wp-block-stackable-hero alignfull stk-block-hero stk-has-bottom-separator stk-block stk-08a909b stk-block-background stk--has-background-overlay\" data-v=\"2\" data-block-id=\"08a909b\"><style>.stk-08a909b {background-color:#000000 !important;min-height:900px !important;align-items:center !important;display:flex !important;}.stk-08a909b:before{background-color:#000000 !important;opacity:0.6 !important;}.stk-08a909b .stk-block-hero__content{min-height:500px !important;align-items:center !important;display:flex !important;}<\/style><div class=\"stk-block-hero__content stk-content-align stk-08a909b-column alignwide stk-container stk-08a909b-container stk--no-background stk--no-padding\"><div class=\"stk-block-content stk-inner-blocks has-text-align-center stk-08a909b-inner-blocks\">\n<div class=\"wp-block-stackable-heading stk-block-heading stk-block-heading--v2 stk-block stk-c15fb3c\" id=\"llevamos-tu-exploracion-al-siguiente-nivel\" data-block-id=\"c15fb3c\"><style>.stk-c15fb3c {margin-bottom:20px !important;}.stk-c15fb3c .stk-block-heading__text{font-size:60px !important;color:#FFFFFF !important;font-weight:300 !important;font-family:\"IBM Plex Sans\", Sans-serif !important;}@media screen and (max-width: 1023px){.stk-c15fb3c .stk-block-heading__text{font-size:50px !important;}}<\/style><h1 class=\"stk-block-heading__text has-text-color has-white-color\">Elevating your exploration to the next level<\/h1><\/div>\n\n\n\n<div class=\"wp-block-stackable-text stk-block-text stk-block stk-cb47353\" data-block-id=\"cb47353\"><style>.stk-cb47353 .stk-block-text__text{font-size:28px !important;color:#FFFFFF !important;}@media screen and (max-width: 1023px){.stk-cb47353 .stk-block-text__text{font-size:28px !important;}}<\/style><p class=\"stk-block-text__text has-text-color has-white-color\">Diamond Drilling Services for Mining and Engineering<\/p><\/div>\n<\/div><\/div><div class=\"stk-separator stk-separator__bottom\"><div class=\"stk-separator__wrapper\"><svg xmlns=\"http:\/\/www.w3.org\/2000\/svg\" viewbox=\"0 0 1600 200\" class=\"stk-separator__layer-1\" preserveaspectratio=\"none\" aria-hidden=\"true\"><path class=\"slant-2_svg__st1\" d=\"M1610 39.2V209H-10V39.2l810 118.9 810-118.9z\"><\/path><\/svg><\/div><\/div><video class=\"stk-video-background\" autoplay muted loop playsinline src=\"https:\/\/es.exploracionesdelsur.com\/wp-content\/uploads\/2025\/06\/INTRO-ESD-WEB-01.webm\" poster=\"\"><\/video><\/div>\n\n\n\n<div class=\"wp-block-stackable-heading stk-block-heading stk-block-heading--v2 stk-block stk-65f3eb2 animated backInUp delay-200ms\" id=\"strong-strong-politicas-de-uso-y-privacidad-strong-strong\" data-block-id=\"65f3eb2\"><style>.stk-65f3eb2 {margin-bottom:30px !important;}.stk-65f3eb2 .stk-block-heading__text{font-size:35px !important;}@media screen and (max-width: 1023px){.stk-65f3eb2 .stk-block-heading__text{font-size:35px !important;}}<\/style><h2 class=\"stk-block-heading__text has-text-align-center\"><strong><strong>Terms of Use and Privacy Policy<\/strong><\/strong><\/h2><\/div>\n\n\n\n<div class=\"wp-block-stackable-call-to-action alignwide stk-block-call-to-action stk-block stk-8f9632e animated backInUp delay-200ms\" data-v=\"2\" data-block-id=\"8f9632e\"><style>.stk-8f9632e-container{border-radius:20px !important;overflow:hidden !important;box-shadow:0 5px 5px 0 #123f5209 !important;}<\/style><div class=\"stk-block-call-to-action__content stk-content-align stk-8f9632e-column alignwide stk-container stk-8f9632e-container stk-hover-parent\"><div class=\"has-text-align-center stk-block-content stk-inner-blocks stk-8f9632e-inner-blocks\">\n<div class=\"wp-block-stackable-heading stk-block-heading stk-block-heading--v2 stk-block stk-d50e538\" id=\"j\" data-block-id=\"d50e538\"><style>.stk-d50e538 .stk-block-heading__text{font-size:64px !important;color:#313131 !important;font-weight:bold !important;font-family:\"Inter\", Sans-serif !important;}@media screen and (max-width: 1023px){.stk-d50e538 .stk-block-heading__text{font-size:50px !important;}}<\/style><h3 class=\"stk-block-heading__text has-text-color\"><strong>Privacy Policy<\/strong><\/h3><\/div>\n\n\n\n<div class=\"wp-block-stackable-text stk-block-text stk-block stk-a3a880d\" data-block-id=\"a3a880d\"><p class=\"stk-block-text__text\">At EXPLORACIONES DEL SUR DRILLING S.A.S., we value and protect the privacy of all visitors to our website.<\/p><\/div>\n\n\n\n<p><strong>Data Collection and Use:<\/strong> The personal data we collect through our contact forms, subscriptions, or any other interaction on this site will be used exclusively for the following purposes:<\/p>\n\n\n\n<div id=\"wp-block-themeisle-blocks-icon-list-931766ba\" class=\"wp-block-themeisle-blocks-icon-list\">\n<div id=\"wp-block-themeisle-blocks-icon-list-item-5e8c8c35\" class=\"wp-block-themeisle-blocks-icon-list-item\"><i class=\"fas fa-check wp-block-themeisle-blocks-icon-list-item-icon\"><\/i><p class=\"wp-block-themeisle-blocks-icon-list-item-content\">To respond to your inquiries and requests for information.<\/p><\/div>\n\n\n\n<div id=\"wp-block-themeisle-blocks-icon-list-item-932f8a0d\" class=\"wp-block-themeisle-blocks-icon-list-item\"><i class=\"fas fa-check wp-block-themeisle-blocks-icon-list-item-icon\"><\/i><p class=\"wp-block-themeisle-blocks-icon-list-item-content\">To send relevant communications about our services and updates.<\/p><\/div>\n\n\n\n<div id=\"wp-block-themeisle-blocks-icon-list-item-952ef9e3\" class=\"wp-block-themeisle-blocks-icon-list-item\"><i class=\"fas fa-check wp-block-themeisle-blocks-icon-list-item-icon\"><\/i><p class=\"wp-block-themeisle-blocks-icon-list-item-content\">To improve your user experience on our website.<\/p><\/div>\n<\/div>\n\n\n\n<ul class=\"wp-block-list\">\n<li><\/li>\n<\/ul>\n\n\n\n<div class=\"wp-block-stackable-text stk-block-text stk-block stk-9192acc\" data-block-id=\"9192acc\"><p class=\"stk-block-text__text\"><strong>Commitment to Your Privacy:<\/strong> We are firmly committed to not sharing, selling, or transferring your personal information to third parties without your prior and explicit consent. Likewise, we ensure compliance with all current data protection regulations applicable in Ecuador.<\/p><\/div>\n<\/div><\/div><\/div>\n\n\n\n<div class=\"wp-block-stackable-divider stk-block-divider stk-block stk-67928bb\" data-block-id=\"67928bb\"><style>.stk-67928bb hr.stk-block-divider__hr{background:var(--ast-global-color-4) !important;}<\/style><hr class=\"stk-block-divider__hr\"\/><\/div>\n\n\n\n<div class=\"wp-block-stackable-call-to-action alignwide stk-block-call-to-action stk-block stk-610fb29 animated backInUp delay-200ms\" data-v=\"2\" data-block-id=\"610fb29\"><style>.stk-610fb29-container{border-radius:20px !important;overflow:hidden !important;box-shadow:0 5px 5px 0 #123f5209 !important;}<\/style><div class=\"stk-block-call-to-action__content stk-content-align stk-610fb29-column alignwide stk-container stk-610fb29-container stk-hover-parent\"><div class=\"has-text-align-center stk-block-content stk-inner-blocks stk-610fb29-inner-blocks\">\n<div class=\"wp-block-stackable-heading stk-block-heading stk-block-heading--v2 stk-block stk-0ad1515\" id=\"j\" data-block-id=\"0ad1515\"><style>.stk-0ad1515 .stk-block-heading__text{font-size:64px !important;color:#313131 !important;font-weight:bold !important;font-family:\"Inter\", Sans-serif !important;}@media screen and (max-width: 1023px){.stk-0ad1515 .stk-block-heading__text{font-size:50px !important;}}<\/style><h3 class=\"stk-block-heading__text has-text-color\"><strong><strong>Use of Images Generated with Artificial Intelligence<\/strong><\/strong><\/h3><\/div>\n\n\n\n<div class=\"wp-block-stackable-text stk-block-text stk-block stk-43ec153\" data-block-id=\"43ec153\"><p class=\"stk-block-text__text\">Given the nature of our operations and in the interest of maintaining transparency, we inform you that some of the photographs and graphics on this website have been generated using artificial intelligence technologies.<\/p><\/div>\n\n\n\n<p><strong>Purpose and Nature of the Images:<\/strong> These images are purely illustrative and referential. Their sole purpose is to visually represent our services, activities, and the type of machinery we use, helping to better understand the nature of our work. They do not depict specific real people, equipment, or situations.<\/p>\n\n\n\n<p><strong>Availability of Real Information:<\/strong> We pursue honesty and transparency with our visitors through this practice. To learn the exact models of the equipment we have available or to obtain detailed information about the actual equipment in use and our company\u2019s operations, we invite you to contact us directly. Our technical and sales team is at your disposal to provide all the necessary details.<\/p>\n<\/div><\/div><\/div>\n\n\n\n<div class=\"wp-block-stackable-divider stk-block-divider stk-block stk-a59a57f\" data-block-id=\"a59a57f\"><style>.stk-a59a57f hr.stk-block-divider__hr{background:var(--ast-global-color-4) !important;}<\/style><hr class=\"stk-block-divider__hr\"\/><\/div>\n\n\n\n<div class=\"wp-block-stackable-call-to-action alignwide stk-block-call-to-action stk-block stk-e69840a animated backInUp delay-200ms\" data-v=\"2\" data-block-id=\"e69840a\"><style>.stk-e69840a-container{border-radius:20px !important;overflow:hidden !important;box-shadow:0 5px 5px 0 #123f5209 !important;}<\/style><div class=\"stk-block-call-to-action__content stk-content-align stk-e69840a-column alignwide stk-container stk-e69840a-container stk-hover-parent\"><div class=\"has-text-align-center stk-block-content stk-inner-blocks stk-e69840a-inner-blocks\">\n<div class=\"wp-block-stackable-heading stk-block-heading stk-block-heading--v2 stk-block stk-4e586e0\" id=\"j\" data-block-id=\"4e586e0\"><style>.stk-4e586e0 .stk-block-heading__text{font-size:64px !important;color:#313131 !important;font-weight:bold !important;font-family:\"Inter\", Sans-serif !important;}@media screen and (max-width: 1023px){.stk-4e586e0 .stk-block-heading__text{font-size:50px !important;}}<\/style><h3 class=\"stk-block-heading__text has-text-color\"><strong>Copyright<\/strong><\/h3><\/div>\n\n\n\n<div class=\"wp-block-stackable-text stk-block-text stk-block stk-67dbae8\" data-block-id=\"67dbae8\"><p class=\"stk-block-text__text\">All content on this website, including texts, graphics, logos, icons, images, and software, is the property of EXPLORACIONES DEL SUR DRILLING S.A.S. or its content providers and is protected by international copyright laws. Reproduction, modification, distribution, transmission, republication, display, or performance of the content on this site without prior written authorization from EXPLORACIONES DEL SUR DRILLING S.A.S. is strictly prohibited.<\/p><\/div>\n<\/div><\/div><\/div>\n\n\n\n<div class=\"wp-block-stackable-divider stk-block-divider stk-block stk-006269a\" data-block-id=\"006269a\"><style>.stk-006269a hr.stk-block-divider__hr{background:var(--ast-global-color-4) !important;}<\/style><hr class=\"stk-block-divider__hr\"\/><\/div>\n\n\n\n<div class=\"wp-block-stackable-call-to-action alignwide stk-block-call-to-action stk-block stk-461ef72 animated backInUp delay-200ms\" data-v=\"2\" data-block-id=\"461ef72\"><style>.stk-461ef72-container{border-radius:20px !important;overflow:hidden !important;box-shadow:0 5px 5px 0 #123f5209 !important;}<\/style><div class=\"stk-block-call-to-action__content stk-content-align stk-461ef72-column alignwide stk-container stk-461ef72-container stk-hover-parent\"><div class=\"has-text-align-center stk-block-content stk-inner-blocks stk-461ef72-inner-blocks\">\n<div class=\"wp-block-stackable-heading stk-block-heading stk-block-heading--v2 stk-block stk-84370db\" id=\"j\" data-block-id=\"84370db\"><style>.stk-84370db .stk-block-heading__text{font-size:64px !important;color:#313131 !important;font-weight:bold !important;font-family:\"Inter\", Sans-serif !important;}@media screen and (max-width: 1023px){.stk-84370db .stk-block-heading__text{font-size:50px !important;}}<\/style><h3 class=\"stk-block-heading__text has-text-color\"><strong><strong>Contact and Inquiries<\/strong><\/strong><\/h3><\/div>\n\n\n\n<div class=\"wp-block-stackable-text stk-block-text stk-block stk-6051bcf\" data-block-id=\"6051bcf\"><p class=\"stk-block-text__text\">For any inquiries related to our privacy policies, the use of this website, our services, or to request a quote, please do not hesitate to contact us through the channels provided in our Contact section.<\/p><\/div>\n<\/div><\/div><\/div>\n\n\n\n<div class=\"wp-block-stackable-divider stk-block-divider stk-block stk-f65ac61\" data-block-id=\"f65ac61\"><style>.stk-f65ac61 hr.stk-block-divider__hr{background:var(--ast-global-color-4) !important;}<\/style><hr class=\"stk-block-divider__hr\"\/><\/div>\n\n\n\n<div class=\"wp-block-stackable-call-to-action alignfull stk-block-call-to-action stk-block stk-80501f1 stk-block-background animated backInUp delay-200ms\" data-v=\"2\" data-block-id=\"80501f1\"><style>.stk-80501f1 {background-color:#000000fc !important;min-height:400px !important;align-items:center !important;display:flex !important;}.stk-80501f1:before{background-color:#000000fc !important;}<\/style><div class=\"stk-block-call-to-action__content stk-content-align stk-80501f1-column alignwide stk-container stk-80501f1-container stk--no-background stk--no-padding\"><div class=\"has-text-align-left stk-block-content stk-inner-blocks stk-80501f1-inner-blocks\">\n<div class=\"wp-block-stackable-text stk-block-text stk-block stk-0a6b9a4\" data-block-id=\"0a6b9a4\"><style>.stk-0a6b9a4 {align-items:center !important;margin-top:15px !important;margin-bottom:11px !important;display:flex !important;}.stk-0a6b9a4 .stk-block-text__text{color:#FFFFFF !important;}<\/style><p class=\"stk-block-text__text has-text-color has-white-color has-text-align-center\">\u00a9 2025 <strong><span style=\"color: #a1c31b;\" class=\"stk-highlight\">EXPLORACIONES DEL SUR DRILLING S.A.S<\/span>.<\/strong> All rights reserved. <span style=\"color: #a1c31b;\" class=\"stk-highlight\"><strong>| <a href=\"https:\/\/es.exploracionesdelsur.com\/en\/politicas\/\">Privacy Policy<\/a> | <a href=\"https:\/\/es.exploracionesdelsur.com\/en\/politicas\/\">Image Disclaimer<\/a><\/strong><\/span><\/p><\/div>\n\n\n\n<ul class=\"wp-block-social-links aligncenter has-visible-labels is-horizontal is-layout-flex wp-block-social-links-is-layout-flex\"><li class=\"wp-social-link wp-social-link-linkedin  wp-block-social-link\"><a href=\"https:\/\/www.linkedin.com\/company\/exploracionesdelsurdrilling\" class=\"wp-block-social-link-anchor\"><svg width=\"24\" height=\"24\" viewbox=\"0 0 24 24\" version=\"1.1\" xmlns=\"http:\/\/www.w3.org\/2000\/svg\" aria-hidden=\"true\" focusable=\"false\"><path d=\"M19.7,3H4.3C3.582,3,3,3.582,3,4.3v15.4C3,20.418,3.582,21,4.3,21h15.4c0.718,0,1.3-0.582,1.3-1.3V4.3 C21,3.582,20.418,3,19.7,3z M8.339,18.338H5.667v-8.59h2.672V18.338z M7.004,8.574c-0.857,0-1.549-0.694-1.549-1.548 c0-0.855,0.691-1.548,1.549-1.548c0.854,0,1.547,0.694,1.547,1.548C8.551,7.881,7.858,8.574,7.004,8.574z M18.339,18.338h-2.669 v-4.177c0-0.996-0.017-2.278-1.387-2.278c-1.389,0-1.601,1.086-1.601,2.206v4.249h-2.667v-8.59h2.559v1.174h0.037 c0.356-0.675,1.227-1.387,2.526-1.387c2.703,0,3.203,1.779,3.203,4.092V18.338z\"><\/path><\/svg><span class=\"wp-block-social-link-label\">LinkedIn<\/span><\/a><\/li>\n\n<li class=\"wp-social-link wp-social-link-facebook  wp-block-social-link\"><a href=\"https:\/\/www.facebook.com\/exploracionesdelsurdrilling\" class=\"wp-block-social-link-anchor\"><svg width=\"24\" height=\"24\" viewbox=\"0 0 24 24\" version=\"1.1\" xmlns=\"http:\/\/www.w3.org\/2000\/svg\" aria-hidden=\"true\" focusable=\"false\"><path d=\"M12 2C6.5 2 2 6.5 2 12c0 5 3.7 9.1 8.4 9.9v-7H7.9V12h2.5V9.8c0-2.5 1.5-3.9 3.8-3.9 1.1 0 2.2.2 2.2.2v2.5h-1.3c-1.2 0-1.6.8-1.6 1.6V12h2.8l-.4 2.9h-2.3v7C18.3 21.1 22 17 22 12c0-5.5-4.5-10-10-10z\"><\/path><\/svg><span class=\"wp-block-social-link-label\">Facebook<\/span><\/a><\/li>\n\n<li class=\"wp-social-link wp-social-link-instagram  wp-block-social-link\"><a href=\"https:\/\/www.instagram.com\/exploracionesdelsurdrilling\" class=\"wp-block-social-link-anchor\"><svg width=\"24\" height=\"24\" viewbox=\"0 0 24 24\" version=\"1.1\" xmlns=\"http:\/\/www.w3.org\/2000\/svg\" aria-hidden=\"true\" focusable=\"false\"><path d=\"M12,4.622c2.403,0,2.688,0.009,3.637,0.052c0.877,0.04,1.354,0.187,1.671,0.31c0.42,0.163,0.72,0.358,1.035,0.673 c0.315,0.315,0.51,0.615,0.673,1.035c0.123,0.317,0.27,0.794,0.31,1.671c0.043,0.949,0.052,1.234,0.052,3.637 s-0.009,2.688-0.052,3.637c-0.04,0.877-0.187,1.354-0.31,1.671c-0.163,0.42-0.358,0.72-0.673,1.035 c-0.315,0.315-0.615,0.51-1.035,0.673c-0.317,0.123-0.794,0.27-1.671,0.31c-0.949,0.043-1.233,0.052-3.637,0.052 s-2.688-0.009-3.637-0.052c-0.877-0.04-1.354-0.187-1.671-0.31c-0.42-0.163-0.72-0.358-1.035-0.673 c-0.315-0.315-0.51-0.615-0.673-1.035c-0.123-0.317-0.27-0.794-0.31-1.671C4.631,14.688,4.622,14.403,4.622,12 s0.009-2.688,0.052-3.637c0.04-0.877,0.187-1.354,0.31-1.671c0.163-0.42,0.358-0.72,0.673-1.035 c0.315-0.315,0.615-0.51,1.035-0.673c0.317-0.123,0.794-0.27,1.671-0.31C9.312,4.631,9.597,4.622,12,4.622 M12,3 C9.556,3,9.249,3.01,8.289,3.054C7.331,3.098,6.677,3.25,6.105,3.472C5.513,3.702,5.011,4.01,4.511,4.511 c-0.5,0.5-0.808,1.002-1.038,1.594C3.25,6.677,3.098,7.331,3.054,8.289C3.01,9.249,3,9.556,3,12c0,2.444,0.01,2.751,0.054,3.711 c0.044,0.958,0.196,1.612,0.418,2.185c0.23,0.592,0.538,1.094,1.038,1.594c0.5,0.5,1.002,0.808,1.594,1.038 c0.572,0.222,1.227,0.375,2.185,0.418C9.249,20.99,9.556,21,12,21s2.751-0.01,3.711-0.054c0.958-0.044,1.612-0.196,2.185-0.418 c0.592-0.23,1.094-0.538,1.594-1.038c0.5-0.5,0.808-1.002,1.038-1.594c0.222-0.572,0.375-1.227,0.418-2.185 C20.99,14.751,21,14.444,21,12s-0.01-2.751-0.054-3.711c-0.044-0.958-0.196-1.612-0.418-2.185c-0.23-0.592-0.538-1.094-1.038-1.594 c-0.5-0.5-1.002-0.808-1.594-1.038c-0.572-0.222-1.227-0.375-2.185-0.418C14.751,3.01,14.444,3,12,3L12,3z M12,7.378 c-2.552,0-4.622,2.069-4.622,4.622S9.448,16.622,12,16.622s4.622-2.069,4.622-4.622S14.552,7.378,12,7.378z M12,15 c-1.657,0-3-1.343-3-3s1.343-3,3-3s3,1.343,3,3S13.657,15,12,15z M16.804,6.116c-0.596,0-1.08,0.484-1.08,1.08 s0.484,1.08,1.08,1.08c0.596,0,1.08-0.484,1.08-1.08S17.401,6.116,16.804,6.116z\"><\/path><\/svg><span class=\"wp-block-social-link-label\">Instagram<\/span><\/a><\/li>\n\n<li class=\"wp-social-link wp-social-link-tiktok  wp-block-social-link\"><a href=\"https:\/\/www.tiktok.com\/@exploracionesdelsurdrilling\" class=\"wp-block-social-link-anchor\"><svg width=\"24\" height=\"24\" viewbox=\"0 0 32 32\" version=\"1.1\" xmlns=\"http:\/\/www.w3.org\/2000\/svg\" aria-hidden=\"true\" focusable=\"false\"><path d=\"M16.708 0.027c1.745-0.027 3.48-0.011 5.213-0.027 0.105 2.041 0.839 4.12 2.333 5.563 1.491 1.479 3.6 2.156 5.652 2.385v5.369c-1.923-0.063-3.855-0.463-5.6-1.291-0.76-0.344-1.468-0.787-2.161-1.24-0.009 3.896 0.016 7.787-0.025 11.667-0.104 1.864-0.719 3.719-1.803 5.255-1.744 2.557-4.771 4.224-7.88 4.276-1.907 0.109-3.812-0.411-5.437-1.369-2.693-1.588-4.588-4.495-4.864-7.615-0.032-0.667-0.043-1.333-0.016-1.984 0.24-2.537 1.495-4.964 3.443-6.615 2.208-1.923 5.301-2.839 8.197-2.297 0.027 1.975-0.052 3.948-0.052 5.923-1.323-0.428-2.869-0.308-4.025 0.495-0.844 0.547-1.485 1.385-1.819 2.333-0.276 0.676-0.197 1.427-0.181 2.145 0.317 2.188 2.421 4.027 4.667 3.828 1.489-0.016 2.916-0.88 3.692-2.145 0.251-0.443 0.532-0.896 0.547-1.417 0.131-2.385 0.079-4.76 0.095-7.145 0.011-5.375-0.016-10.735 0.025-16.093z\" \/><\/svg><span class=\"wp-block-social-link-label\">TikTok<\/span><\/a><\/li><\/ul>\n\n\n\n<div class=\"wp-block-stackable-columns stk-block-columns stk-block stk-b1fde07\" data-block-id=\"b1fde07\"><div class=\"stk-row stk-inner-blocks stk-block-content stk-content-align stk-b1fde07-column\">\n<div class=\"wp-block-stackable-column stk-block-column stk-column stk-block stk-d955567\" data-v=\"4\" data-block-id=\"d955567\"><div class=\"stk-column-wrapper stk-block-column__content stk-container stk-d955567-container stk--no-background stk--no-padding\"><div class=\"stk-block-content stk-inner-blocks stk-d955567-inner-blocks\"><div class=\"aligncenter wp-block-site-logo\"><a href=\"https:\/\/es.exploracionesdelsur.com\/en\/\" class=\"custom-logo-link\" rel=\"home\"><img loading=\"lazy\" decoding=\"async\" width=\"200\" height=\"128\" src=\"https:\/\/es.exploracionesdelsur.com\/wp-content\/uploads\/2025\/05\/cropped-Logo-Oficial-001-250x160-1-90x58.png\" class=\"custom-logo\" alt=\"\" srcset=\"https:\/\/es.exploracionesdelsur.com\/wp-content\/uploads\/2025\/05\/cropped-Logo-Oficial-001-250x160-1.png 250w, https:\/\/es.exploracionesdelsur.com\/wp-content\/uploads\/2025\/05\/cropped-Logo-Oficial-001-250x160-1-18x12.png 18w, https:\/\/es.exploracionesdelsur.com\/wp-content\/uploads\/2025\/05\/cropped-Logo-Oficial-001-250x160-1-90x58.png 90w\" sizes=\"auto, (max-width: 200px) 100vw, 200px\" \/><\/a><\/div><\/div><\/div><\/div>\n<\/div><\/div>\n<\/div><\/div><\/div>","protected":false},"excerpt":{"rendered":"<p>Llevamos tu exploraci\u00f3n al siguiente nivel Perforaci\u00f3n Diamantina para la Miner\u00eda e Ingenier\u00eda Pol\u00edticas de Uso y Privacidad Pol\u00edtica de [&hellip;]<\/p>","protected":false},"author":1,"featured_media":0,"parent":0,"menu_order":0,"comment_status":"closed","ping_status":"closed","template":"","meta":{"site-sidebar-layout":"default","site-content-layout":"","ast-site-content-layout":"","site-content-style":"default","site-sidebar-style":"default","ast-global-header-display":"","ast-banner-title-visibility":"disabled","ast-main-header-display":"","ast-hfb-above-header-display":"","ast-hfb-below-header-display":"","ast-hfb-mobile-header-display":"","site-post-title":"disabled","ast-breadcrumbs-content":"","ast-featured-img":"","footer-sml-layout":"","ast-disable-related-posts":"","theme-transparent-header-meta":"","adv-header-id-meta":"","stick-header-meta":"","header-above-stick-meta":"","header-main-stick-meta":"","header-below-stick-meta":"","astra-migrate-meta-layouts":"default","ast-page-background-enabled":"default","ast-page-background-meta":{"desktop":{"background-color":"var(--ast-global-color-5)","background-image":"","background-repeat":"repeat","background-position":"center center","background-size":"auto","background-attachment":"scroll","background-type":"","background-media":"","overlay-type":"","overlay-color":"","overlay-opacity":"","overlay-gradient":""},"tablet":{"background-color":"","background-image":"","background-repeat":"repeat","background-position":"center center","background-size":"auto","background-attachment":"scroll","background-type":"","background-media":"","overlay-type":"","overlay-color":"","overlay-opacity":"","overlay-gradient":""},"mobile":{"background-color":"","background-image":"","background-repeat":"repeat","background-position":"center center","background-size":"auto","background-attachment":"scroll","background-type":"","background-media":"","overlay-type":"","overlay-color":"","overlay-opacity":"","overlay-gradient":""}},"ast-content-background-meta":{"desktop":{"background-color":"var(--ast-global-color-4)","background-image":"","background-repeat":"repeat","background-position":"center center","background-size":"auto","background-attachment":"scroll","background-type":"","background-media":"","overlay-type":"","overlay-color":"","overlay-opacity":"","overlay-gradient":""},"tablet":{"background-color":"var(--ast-global-color-4)","background-image":"","background-repeat":"repeat","background-position":"center center","background-size":"auto","background-attachment":"scroll","background-type":"","background-media":"","overlay-type":"","overlay-color":"","overlay-opacity":"","overlay-gradient":""},"mobile":{"background-color":"var(--ast-global-color-4)","background-image":"","background-repeat":"repeat","background-position":"center center","background-size":"auto","background-attachment":"scroll","background-type":"","background-media":"","overlay-type":"","overlay-color":"","overlay-opacity":"","overlay-gradient":""}},"_themeisle_gutenberg_block_has_review":false,"footnotes":""},"class_list":["post-578","page","type-page","status-publish","hentry"],"_links":{"self":[{"href":"https:\/\/es.exploracionesdelsur.com\/en\/wp-json\/wp\/v2\/pages\/578","targetHints":{"allow":["GET"]}}],"collection":[{"href":"https:\/\/es.exploracionesdelsur.com\/en\/wp-json\/wp\/v2\/pages"}],"about":[{"href":"https:\/\/es.exploracionesdelsur.com\/en\/wp-json\/wp\/v2\/types\/page"}],"author":[{"embeddable":true,"href":"https:\/\/es.exploracionesdelsur.com\/en\/wp-json\/wp\/v2\/users\/1"}],"replies":[{"embeddable":true,"href":"https:\/\/es.exploracionesdelsur.com\/en\/wp-json\/wp\/v2\/comments?post=578"}],"version-history":[{"count":24,"href":"https:\/\/es.exploracionesdelsur.com\/en\/wp-json\/wp\/v2\/pages\/578\/revisions"}],"predecessor-version":[{"id":902,"href":"https:\/\/es.exploracionesdelsur.com\/en\/wp-json\/wp\/v2\/pages\/578\/revisions\/902"}],"wp:attachment":[{"href":"https:\/\/es.exploracionesdelsur.com\/en\/wp-json\/wp\/v2\/media?parent=578"}],"curies":[{"name":"wp","href":"https:\/\/api.w.org\/{rel}","templated":true}]}}